{"id":50,"date":"2018-01-08T16:12:37","date_gmt":"2018-01-08T16:12:37","guid":{"rendered":"http:\/\/psicologavicentaenguix.es\/gabinete\/?page_id=50"},"modified":"2018-01-10T19:04:10","modified_gmt":"2018-01-10T19:04:10","slug":"terapia-cognitiva-conductual","status":"publish","type":"page","link":"http:\/\/psicologavicentaenguix.es\/index.php\/terapia-cognitiva-conductual\/","title":{"rendered":"Cognitiva-Conductual"},"content":{"rendered":"<p>[et_pb_section bb_built=\u00bb1&#8243; admin_label=\u00bbsection\u00bb transparent_background=\u00bboff\u00bb allow_player_pause=\u00bboff\u00bb inner_shadow=\u00bboff\u00bb parallax=\u00bboff\u00bb parallax_method=\u00bbon\u00bb custom_padding=\u00bb13px|0px|0px|0px\u00bb padding_mobile=\u00bboff\u00bb make_fullwidth=\u00bboff\u00bb use_custom_width=\u00bboff\u00bb width_unit=\u00bboff\u00bb custom_width_px=\u00bb1080px\u00bb custom_width_percent=\u00bb80%\u00bb make_equal=\u00bboff\u00bb use_custom_gutter=\u00bboff\u00bb fullwidth=\u00bboff\u00bb specialty=\u00bboff\u00bb disabled=\u00bboff\u00bb custom_padding_tablet=\u00bb50px|0|50px|0&#8243; custom_padding_last_edited=\u00bbon|desktop\u00bb][et_pb_row admin_label=\u00bbrow\u00bb make_fullwidth=\u00bboff\u00bb use_custom_width=\u00bboff\u00bb width_unit=\u00bboff\u00bb custom_width_px=\u00bb1080px\u00bb custom_width_percent=\u00bb80%\u00bb use_custom_gutter=\u00bboff\u00bb gutter_width=\u00bb3&#8243; custom_padding=\u00bb27px|0px|0px|0px\u00bb padding_mobile=\u00bboff\u00bb allow_player_pause=\u00bboff\u00bb parallax=\u00bboff\u00bb parallax_method=\u00bbon\u00bb make_equal=\u00bboff\u00bb column_padding_mobile=\u00bbon\u00bb parallax_1=\u00bboff\u00bb parallax_method_1=\u00bbon\u00bb parallax_2=\u00bboff\u00bb parallax_method_2=\u00bbon\u00bb parallax_3=\u00bboff\u00bb parallax_method_3=\u00bbon\u00bb parallax_4=\u00bboff\u00bb parallax_method_4=\u00bbon\u00bb disabled=\u00bboff\u00bb background_position=\u00bbtop_left\u00bb background_repeat=\u00bbrepeat\u00bb background_size=\u00bbinitial\u00bb][et_pb_column type=\u00bb4_4&#8243;][et_pb_text background_layout=\u00bblight\u00bb use_border_color=\u00bboff\u00bb border_style=\u00bbsolid\u00bb disabled=\u00bboff\u00bb border_color=\u00bb#ffffff\u00bb text_font=\u00bbVerdana||||\u00bb text_font_size=\u00bb16&#8243; text_text_color=\u00bb#000000&#8243; background_position=\u00bbtop_left\u00bb background_repeat=\u00bbrepeat\u00bb background_size=\u00bbinitial\u00bb _builder_version=\u00bb3.0.89&#8243;]<\/p>\n<h1 class=\"contentheading\">Qu\u00e9 es la Terapia Cognitivo Conductual<\/h1>\n<p>Vicenta Enguix Torres es psic\u00f3loga, especialista en Psicolog\u00eda\u00a0 Cl\u00ednica y terapeuta Cognitivo-Conductual Aplicada a tipo de Psicolog\u00eda cient\u00edfica, que nos ayuda a\u00a0 aprender como superar los problemas emocionales ya que estamos convencidos que modificando cogniciones (pensamientos) y conductas, la persona puede aprender a afrontar esos problemas y volver a vivir feliz como antes de sufrir el problema emocional.<\/p>\n<p><strong>La Terapia Cognitiva;<\/strong> es un procedimiento por el que examinamos la validez de ciertas creencias. Examinamos con esp\u00edritu cient\u00edfico las pruebas que avalan o contradicen esas creencias.<\/p>\n<p>Si ese an\u00e1lisis nos aporta pruebas s\u00f3lidas de que el contenido de esas creencias es demostrable, entonces las aceptamos como veraces. Pero si ese an\u00e1lisis nos demuestra que esas ideas no se sostienen con datos reales, a pesar de que creamos f\u00edsicamente en ellos, tendremos que concluir que son err\u00f3neas.<\/p>\n<p><strong>Terapia Conductual;<\/strong> consiste en modificar las conductas que est\u00e1n manteniendo tu problema, por ello en ocasiones el psic\u00f3logo puede prepararte terapia de exposici\u00f3n que consiste en afrontar voluntariamente las sensaciones temidas y las situaciones evitadas, permaneciendo en ellas tanto tiempo como necesites para que desaparezca tu malestar y compruebas que son sensaciones totalmente inocuas.<\/p>\n<p class=\"alignnone\"><a href=\"http:\/\/psicologavicentaenguix.es\/\">Volver Inicio<\/a><\/p>\n<p>&nbsp;<\/p>\n<p>[\/et_pb_text][\/et_pb_column][\/et_pb_row][\/et_pb_section]<\/p>\n","protected":false},"excerpt":{"rendered":"<p>Qu\u00e9 es la Terapia Cognitivo Conductual Vicenta Enguix Torres es psic\u00f3loga, especialista en Psicolog\u00eda\u00a0 Cl\u00ednica y terapeuta Cognitivo-Conductual Aplicada a tipo de Psicolog\u00eda cient\u00edfica, que nos ayuda a\u00a0 aprender como superar los problemas emocionales ya que estamos convencidos que modificando cogniciones (pensamientos) y conductas, la persona puede aprender a afrontar esos problemas y volver a [&hellip;]<\/p>\n","protected":false},"author":1,"featured_media":0,"parent":0,"menu_order":0,"comment_status":"closed","ping_status":"closed","template":"","meta":{"_et_pb_use_builder":"on","_et_pb_old_content":"<h2 class=\"contentheading\">Qu\u00e9 es la Terapia Cognitivo Conductual<\/h2><p><span class=\"textoverdana_medio_bold\">La terapia Cognitivo-Conductual<\/span>, tambi\u00e9n llamada Conductual, es una de las escuelas de Psicoterapia m\u00e1s antiguas. Hay dos caracter\u00edsticas que la definen: su modelo de la naturaleza humana y su metodolog\u00eda.<\/p><p>En esencia, consideramos que <span class=\"textoverdana_medio_bold\">casi el 100% de nuestra forma de ser<\/span>, de nuestra personalidad, <span class=\"textoverdana_medio_bold\">es fruto de nuestras experiencias<\/span>. Aunque nacemos con fuertes predisposiciones gen\u00e9ticas o biol\u00f3gicas, es el aprendizaje el que nos hace que estas potencialidades frag\u00fcen o cristalicen en una u otra direcci\u00f3n. Por todo ello la infancia es de gran importancia, pero tambi\u00e9n lo es la adolescencia y la adultez. Todos los periodos de nuestra vida son importantes porque posibilitan experiencias y aprendizajes y se va moldeando nuestra manera de ser.<\/p><p><strong>Terapia Cognitiva<\/strong><\/p><p>Es un procedimiento por el que examinamos la validez de ciertas creencias. Examinamos con esp\u00edritu cient\u00edfico las pruebas que avalan o contradicen esas creencias.<\/p><p>Si ese an\u00e1lisis nos aporta pruebas s\u00f3lidas de que el contenido de esas creencias es demostrable, entonces las aceptamos como veraces. Pero si ese an\u00e1lisis nos demuestra que esas ideas no se sostienen con datos reales, a pesar de que creamos frecuentemente en ellos, tendremos que concluir que son err\u00f3neas.<\/p><p><strong>Terapia Conductual<\/strong><\/p><p>Consiste en modificar las conductas que est\u00e1n manteniendo tu problema, por ello en ocasiones el psic\u00f3logo puede recomendarte terapia de exposici\u00f3n, que consiste en afrontar voluntariamente las sensaciones temidas y las situaciones evitadas, permaneciendo en ellas tanto tiempo como necesites para que desaparezca tu malestar y compruebas que son sensaciones totalmente inocuas.<\/p><p>\u00a0<\/p><p class=\"alignnone\"><a href=\"http:\/\/psicologavicentaenguix.es\/gabinete\/\"><img class=\"alignleft wp-image-57\" src=\"http:\/\/psicologavicentaenguix.es\/gabinete\/wp-content\/uploads\/2016\/11\/logo.jpg\" alt=\"logo\" width=\"72\" height=\"61\" \/><\/a><\/p><p class=\"alignnone\">\u00a0<a href=\"http:\/\/psicologavicentaenguix.es\/gabinete\/\">Vicenta Enguix Torres<\/a><\/p>","_et_gb_content_width":"","footnotes":""},"class_list":["post-50","page","type-page","status-publish","hentry"],"_links":{"self":[{"href":"http:\/\/psicologavicentaenguix.es\/index.php\/wp-json\/wp\/v2\/pages\/50","targetHints":{"allow":["GET"]}}],"collection":[{"href":"http:\/\/psicologavicentaenguix.es\/index.php\/wp-json\/wp\/v2\/pages"}],"about":[{"href":"http:\/\/psicologavicentaenguix.es\/index.php\/wp-json\/wp\/v2\/types\/page"}],"author":[{"embeddable":true,"href":"http:\/\/psicologavicentaenguix.es\/index.php\/wp-json\/wp\/v2\/users\/1"}],"replies":[{"embeddable":true,"href":"http:\/\/psicologavicentaenguix.es\/index.php\/wp-json\/wp\/v2\/comments?post=50"}],"version-history":[{"count":23,"href":"http:\/\/psicologavicentaenguix.es\/index.php\/wp-json\/wp\/v2\/pages\/50\/revisions"}],"predecessor-version":[{"id":1163,"href":"http:\/\/psicologavicentaenguix.es\/index.php\/wp-json\/wp\/v2\/pages\/50\/revisions\/1163"}],"wp:attachment":[{"href":"http:\/\/psicologavicentaenguix.es\/index.php\/wp-json\/wp\/v2\/media?parent=50"}],"curies":[{"name":"wp","href":"https:\/\/api.w.org\/{rel}","templated":true}]}}